{"id":4475,"date":"2025-08-16T04:40:24","date_gmt":"2025-08-16T04:40:24","guid":{"rendered":"https:\/\/aeroxperts.net\/?page_id=4475"},"modified":"2025-08-18T09:27:29","modified_gmt":"2025-08-18T15:27:29","slug":"customer-support","status":"publish","type":"page","link":"https:\/\/aeroxperts.net\/es\/customer-support\/","title":{"rendered":"Atenci\u00f3n al cliente"},"content":{"rendered":"<div data-elementor-type=\"wp-page\" data-elementor-id=\"4475\" class=\"elementor elementor-4475\" data-elementor-post-type=\"page\">\n\t\t\t\t<div class=\"wd-negative-gap elementor-element elementor-element-1c90c3f wd-section-stretch e-flex e-con-boxed e-con e-parent\" data-id=\"1c90c3f\" data-element_type=\"container\" data-e-type=\"container\" data-settings=\"{&quot;background_background&quot;:&quot;classic&quot;}\">\n\t\t\t\t\t<div class=\"e-con-inner\">\n\t\t\t\t\t<\/div>\n\t\t\t\t<\/div>\n\t\t<div class=\"wd-negative-gap elementor-element elementor-element-7c7c544 e-flex e-con-boxed e-con e-parent\" data-id=\"7c7c544\" data-element_type=\"container\" data-e-type=\"container\">\n\t\t\t\t\t<div class=\"e-con-inner\">\n\t\t<div class=\"elementor-element elementor-element-97d6084 e-con-full e-flex e-con e-child\" data-id=\"97d6084\" data-element_type=\"container\" data-e-type=\"container\">\n\t\t\t\t<div class=\"elementor-element elementor-element-98d830b wd-width-100 elementor-widget elementor-widget-wd_title\" data-id=\"98d830b\" data-element_type=\"widget\" data-e-type=\"widget\" data-widget_type=\"wd_title.default\">\n\t\t\t\t<div class=\"elementor-widget-container\">\n\t\t\t\t\t\t\t<div class=\"title-wrapper wd-set-mb reset-last-child wd-title-color-primary wd-title-style-default wd-title-size-large text-left\">\n\n\t\t\t\n\t\t\t<div class=\"liner-continer\">\n\t\t\t\t<h1 class=\"woodmart-title-container title wd-fontsize-xxl\">ATENCI\u00d3N AL CLIENTE<\/h1> \n\t\t\t\t\t\t\t<\/div>\n\n\t\t\t\t\t<\/div>\n\t\t\t\t\t\t<\/div>\n\t\t\t\t<\/div>\n\t\t\t\t<div class=\"elementor-element elementor-element-8e8836d color-scheme-inherit text-left elementor-widget elementor-widget-text-editor\" data-id=\"8e8836d\" data-element_type=\"widget\" data-e-type=\"widget\" data-widget_type=\"text-editor.default\">\n\t\t\t\t\t\t\t\t\t<p>Buscamos la excelencia a trav\u00e9s de la mejora continua, la aplicaci\u00f3n sin fisuras de pr\u00e1cticas de vanguardia y la diversificaci\u00f3n de servicios integrales dentro del din\u00e1mico campo aeron\u00e1utico.<\/p><p>Al establecer nuevos est\u00e1ndares y superar las expectativas, nuestro objetivo es redefinir las posibilidades de atenci\u00f3n al cliente y ofrecer una experiencia inigualable a nuestros valiosos clientes.<\/p>\t\t\t\t\t\t\t\t<\/div>\n\t\t\t\t<\/div>\n\t\t\t\t\t<\/div>\n\t\t\t\t<\/div>\n\t\t<div class=\"wd-negative-gap elementor-element elementor-element-72bd6fe e-flex e-con-boxed e-con e-parent\" data-id=\"72bd6fe\" data-element_type=\"container\" data-e-type=\"container\">\n\t\t\t\t\t<div class=\"e-con-inner\">\n\t\t<div class=\"elementor-element elementor-element-7523d24 e-con-full e-flex e-con e-child\" data-id=\"7523d24\" data-element_type=\"container\" data-e-type=\"container\">\n\t\t\t\t<div class=\"elementor-element elementor-element-31138ab elementor-widget elementor-widget-image\" data-id=\"31138ab\" data-element_type=\"widget\" data-e-type=\"widget\" data-widget_type=\"image.default\">\n\t\t\t\t\t\t\t\t\t\t\t\t\t\t\t<img loading=\"lazy\" decoding=\"async\" width=\"768\" height=\"1024\" src=\"https:\/\/aeroxperts.net\/wp-content\/uploads\/2025\/08\/customer-support-3-768x1024.jpg\" class=\"attachment-large size-large wp-image-8797\" alt=\"\" srcset=\"https:\/\/aeroxperts.net\/wp-content\/uploads\/2025\/08\/customer-support-3-768x1024.jpg 768w, https:\/\/aeroxperts.net\/wp-content\/uploads\/2025\/08\/customer-support-3-150x200.jpg 150w, https:\/\/aeroxperts.net\/wp-content\/uploads\/2025\/08\/customer-support-3-600x800.jpg 600w, https:\/\/aeroxperts.net\/wp-content\/uploads\/2025\/08\/customer-support-3-225x300.jpg 225w, https:\/\/aeroxperts.net\/wp-content\/uploads\/2025\/08\/customer-support-3-1152x1536.jpg 1152w, https:\/\/aeroxperts.net\/wp-content\/uploads\/2025\/08\/customer-support-3.jpg 1440w\" sizes=\"auto, (max-width: 768px) 100vw, 768px\" \/>\t\t\t\t\t\t\t\t\t\t\t\t\t\t\t<\/div>\n\t\t\t\t<\/div>\n\t\t<div class=\"elementor-element elementor-element-e182bac e-con-full e-flex e-con e-child\" data-id=\"e182bac\" data-element_type=\"container\" data-e-type=\"container\">\n\t\t\t\t<div class=\"elementor-element elementor-element-b9a0b59 wd-width-100 elementor-widget elementor-widget-wd_title\" data-id=\"b9a0b59\" data-element_type=\"widget\" data-e-type=\"widget\" data-widget_type=\"wd_title.default\">\n\t\t\t\t<div class=\"elementor-widget-container\">\n\t\t\t\t\t\t\t<div class=\"title-wrapper wd-set-mb reset-last-child wd-title-color-primary wd-title-style-default wd-title-size-large text-left\">\n\n\t\t\t\n\t\t\t<div class=\"liner-continer\">\n\t\t\t\t<h2 class=\"woodmart-title-container title wd-fontsize-xxl\">NUESTROS VALORES<\/h2> \n\t\t\t\t\t\t\t<\/div>\n\n\t\t\t\t\t<\/div>\n\t\t\t\t\t\t<\/div>\n\t\t\t\t<\/div>\n\t\t\t\t<div class=\"elementor-element elementor-element-c0637ee color-scheme-inherit text-left elementor-widget elementor-widget-text-editor\" data-id=\"c0637ee\" data-element_type=\"widget\" data-e-type=\"widget\" data-widget_type=\"text-editor.default\">\n\t\t\t\t\t\t\t\t\t<ul><li>La seguridad ante todo<\/li><li>Integridad<\/li><li>Eficacia<\/li><li>Compromiso<\/li><li>Profesionalidad y \u00e9tica<\/li><li>Dedicaci\u00f3n<\/li><li>Excelencia en el servicio<\/li><li>Mejora continua<\/li><li>Pasi\u00f3n por la aviaci\u00f3n<\/li><\/ul>\t\t\t\t\t\t\t\t<\/div>\n\t\t\t\t<\/div>\n\t\t\t\t\t<\/div>\n\t\t\t\t<\/div>\n\t\t<div class=\"wd-negative-gap elementor-element elementor-element-9917376 e-flex e-con-boxed e-con e-parent\" data-id=\"9917376\" data-element_type=\"container\" data-e-type=\"container\">\n\t\t\t\t\t<div class=\"e-con-inner\">\n\t\t<div class=\"elementor-element elementor-element-9047707 e-con-full e-flex e-con e-child\" data-id=\"9047707\" data-element_type=\"container\" data-e-type=\"container\">\n\t\t\t\t<div class=\"elementor-element elementor-element-890b0f0 elementor-widget elementor-widget-image\" data-id=\"890b0f0\" data-element_type=\"widget\" data-e-type=\"widget\" data-widget_type=\"image.default\">\n\t\t\t\t\t\t\t\t\t\t\t\t\t\t\t<img loading=\"lazy\" decoding=\"async\" width=\"1024\" height=\"683\" src=\"https:\/\/aeroxperts.net\/wp-content\/uploads\/2025\/08\/Advanced-Training-Aeroxperts-2-1024x683.jpg\" class=\"attachment-large size-large wp-image-4468\" alt=\"\" srcset=\"https:\/\/aeroxperts.net\/wp-content\/uploads\/2025\/08\/Advanced-Training-Aeroxperts-2-1024x683.jpg 1024w, https:\/\/aeroxperts.net\/wp-content\/uploads\/2025\/08\/Advanced-Training-Aeroxperts-2-150x100.jpg 150w, https:\/\/aeroxperts.net\/wp-content\/uploads\/2025\/08\/Advanced-Training-Aeroxperts-2-600x400.jpg 600w, https:\/\/aeroxperts.net\/wp-content\/uploads\/2025\/08\/Advanced-Training-Aeroxperts-2-300x200.jpg 300w, https:\/\/aeroxperts.net\/wp-content\/uploads\/2025\/08\/Advanced-Training-Aeroxperts-2-768x512.jpg 768w, https:\/\/aeroxperts.net\/wp-content\/uploads\/2025\/08\/Advanced-Training-Aeroxperts-2.jpg 1440w\" sizes=\"auto, (max-width: 1024px) 100vw, 1024px\" \/>\t\t\t\t\t\t\t\t\t\t\t\t\t\t\t<\/div>\n\t\t\t\t<\/div>\n\t\t<div class=\"elementor-element elementor-element-9d3cd70 e-con-full e-flex e-con e-child\" data-id=\"9d3cd70\" data-element_type=\"container\" data-e-type=\"container\">\n\t\t\t\t<div class=\"elementor-element elementor-element-d335ed8 wd-width-100 elementor-widget elementor-widget-wd_title\" data-id=\"d335ed8\" data-element_type=\"widget\" data-e-type=\"widget\" data-widget_type=\"wd_title.default\">\n\t\t\t\t<div class=\"elementor-widget-container\">\n\t\t\t\t\t\t\t<div class=\"title-wrapper wd-set-mb reset-last-child wd-title-color-primary wd-title-style-default wd-title-size-large text-left\">\n\n\t\t\t\n\t\t\t<div class=\"liner-continer\">\n\t\t\t\t<h2 class=\"woodmart-title-container title wd-fontsize-xxl\">TODO EL APOYO QUE<br \/>\nNECESITA PARA SU AERONAVE<\/h2> \n\t\t\t\t\t\t\t<\/div>\n\n\t\t\t\t\t<\/div>\n\t\t\t\t\t\t<\/div>\n\t\t\t\t<\/div>\n\t\t\t\t<div class=\"elementor-element elementor-element-3f52d6e color-scheme-inherit text-left elementor-widget elementor-widget-text-editor\" data-id=\"3f52d6e\" data-element_type=\"widget\" data-e-type=\"widget\" data-widget_type=\"text-editor.default\">\n\t\t\t\t\t\t\t\t\t<ul><li>FINANCIACI\u00d3N<\/li><li>FORMACI\u00d3N DE PILOTOS DE SEGURIDAD<\/li><li>FORMACI\u00d3N DE T\u00c9CNICOS \/ MEC\u00c1NICOS<\/li><li>VENTA DE PIEZAS ORIGINALES<ul><li>SOPORTE T\u00c9CNICO<\/li><li>ATENCI\u00d3N AL CLIENTE<\/li><li>SOPORTE DE MOTORES<\/li><li>REVISIONES DE HELIC\u00d3PTEROS<\/li><\/ul><\/li><\/ul>\t\t\t\t\t\t\t\t<\/div>\n\t\t\t\t<\/div>\n\t\t\t\t\t<\/div>\n\t\t\t\t<\/div>\n\t\t<div class=\"wd-negative-gap elementor-element elementor-element-107bd8e e-flex e-con-boxed e-con e-parent\" data-id=\"107bd8e\" data-element_type=\"container\" data-e-type=\"container\">\n\t\t\t\t\t<div class=\"e-con-inner\">\n\t\t<div class=\"elementor-element elementor-element-7951c6d e-con-full e-flex e-con e-child\" data-id=\"7951c6d\" data-element_type=\"container\" data-e-type=\"container\">\n\t\t\t\t<div class=\"elementor-element elementor-element-74daba0 elementor-widget elementor-widget-image\" data-id=\"74daba0\" data-element_type=\"widget\" data-e-type=\"widget\" data-widget_type=\"image.default\">\n\t\t\t\t\t\t\t\t\t\t\t\t\t\t\t<img loading=\"lazy\" decoding=\"async\" width=\"1000\" height=\"1000\" src=\"https:\/\/aeroxperts.net\/wp-content\/uploads\/2025\/08\/Advanced-Training-Aeroxperts-4.png\" class=\"attachment-large size-large wp-image-4466\" alt=\"\" srcset=\"https:\/\/aeroxperts.net\/wp-content\/uploads\/2025\/08\/Advanced-Training-Aeroxperts-4.png 1000w, https:\/\/aeroxperts.net\/wp-content\/uploads\/2025\/08\/Advanced-Training-Aeroxperts-4-300x300.png 300w, https:\/\/aeroxperts.net\/wp-content\/uploads\/2025\/08\/Advanced-Training-Aeroxperts-4-150x150.png 150w, https:\/\/aeroxperts.net\/wp-content\/uploads\/2025\/08\/Advanced-Training-Aeroxperts-4-600x600.png 600w, https:\/\/aeroxperts.net\/wp-content\/uploads\/2025\/08\/Advanced-Training-Aeroxperts-4-768x768.png 768w\" sizes=\"auto, (max-width: 1000px) 100vw, 1000px\" \/>\t\t\t\t\t\t\t\t\t\t\t\t\t\t\t<\/div>\n\t\t\t\t<\/div>\n\t\t<div class=\"elementor-element elementor-element-184ec5a e-con-full e-flex e-con e-child\" data-id=\"184ec5a\" data-element_type=\"container\" data-e-type=\"container\">\n\t\t\t\t<div class=\"elementor-element elementor-element-1dd3c07 elementor-widget elementor-widget-image\" data-id=\"1dd3c07\" data-element_type=\"widget\" data-e-type=\"widget\" data-widget_type=\"image.default\">\n\t\t\t\t\t\t\t\t\t\t\t\t\t\t\t<img loading=\"lazy\" decoding=\"async\" width=\"1024\" height=\"1024\" src=\"https:\/\/aeroxperts.net\/wp-content\/uploads\/2025\/08\/Advanced-Training-Aeroxperts-3-1024x1024.jpg\" class=\"attachment-large size-large wp-image-4467\" alt=\"\" srcset=\"https:\/\/aeroxperts.net\/wp-content\/uploads\/2025\/08\/Advanced-Training-Aeroxperts-3-1024x1024.jpg 1024w, https:\/\/aeroxperts.net\/wp-content\/uploads\/2025\/08\/Advanced-Training-Aeroxperts-3-300x300.jpg 300w, https:\/\/aeroxperts.net\/wp-content\/uploads\/2025\/08\/Advanced-Training-Aeroxperts-3-150x150.jpg 150w, https:\/\/aeroxperts.net\/wp-content\/uploads\/2025\/08\/Advanced-Training-Aeroxperts-3-600x600.jpg 600w, https:\/\/aeroxperts.net\/wp-content\/uploads\/2025\/08\/Advanced-Training-Aeroxperts-3-768x768.jpg 768w, https:\/\/aeroxperts.net\/wp-content\/uploads\/2025\/08\/Advanced-Training-Aeroxperts-3.jpg 1080w\" sizes=\"auto, (max-width: 1024px) 100vw, 1024px\" \/>\t\t\t\t\t\t\t\t\t\t\t\t\t\t\t<\/div>\n\t\t\t\t<\/div>\n\t\t\t\t\t<\/div>\n\t\t\t\t<\/div>\n\t\t\t\t<\/div>","protected":false},"excerpt":{"rendered":"<p>CUSTOMER SUPPORT We strive for excellence through continuous improvement, the seamless implementation of cutting-edge practices, and the diversification of integral<\/p>","protected":false},"author":1,"featured_media":0,"parent":0,"menu_order":0,"comment_status":"closed","ping_status":"closed","template":"","meta":{"_joinchat":[],"footnotes":""},"class_list":["post-4475","page","type-page","status-publish","hentry"],"_links":{"self":[{"href":"https:\/\/aeroxperts.net\/es\/wp-json\/wp\/v2\/pages\/4475","targetHints":{"allow":["GET"]}}],"collection":[{"href":"https:\/\/aeroxperts.net\/es\/wp-json\/wp\/v2\/pages"}],"about":[{"href":"https:\/\/aeroxperts.net\/es\/wp-json\/wp\/v2\/types\/page"}],"author":[{"embeddable":true,"href":"https:\/\/aeroxperts.net\/es\/wp-json\/wp\/v2\/users\/1"}],"replies":[{"embeddable":true,"href":"https:\/\/aeroxperts.net\/es\/wp-json\/wp\/v2\/comments?post=4475"}],"version-history":[{"count":16,"href":"https:\/\/aeroxperts.net\/es\/wp-json\/wp\/v2\/pages\/4475\/revisions"}],"predecessor-version":[{"id":8917,"href":"https:\/\/aeroxperts.net\/es\/wp-json\/wp\/v2\/pages\/4475\/revisions\/8917"}],"wp:attachment":[{"href":"https:\/\/aeroxperts.net\/es\/wp-json\/wp\/v2\/media?parent=4475"}],"curies":[{"name":"wp","href":"https:\/\/api.w.org\/{rel}","templated":true}]}}