{"id":4459,"date":"2025-08-16T04:33:24","date_gmt":"2025-08-16T04:33:24","guid":{"rendered":"https:\/\/aeroxperts.net\/?page_id=4459"},"modified":"2025-08-16T13:12:58","modified_gmt":"2025-08-16T19:12:58","slug":"advanced-training","status":"publish","type":"page","link":"https:\/\/aeroxperts.net\/es\/advanced-training\/","title":{"rendered":"Formaci\u00f3n avanzada"},"content":{"rendered":"<div data-elementor-type=\"wp-page\" data-elementor-id=\"4459\" class=\"elementor elementor-4459\" data-elementor-post-type=\"page\">\n\t\t\t\t<div class=\"wd-negative-gap elementor-element elementor-element-1c90c3f wd-section-stretch e-flex e-con-boxed e-con e-parent\" data-id=\"1c90c3f\" data-element_type=\"container\" data-e-type=\"container\" data-settings=\"{&quot;background_background&quot;:&quot;classic&quot;}\">\n\t\t\t\t\t<div class=\"e-con-inner\">\n\t\t\t\t\t<\/div>\n\t\t\t\t<\/div>\n\t\t<div class=\"wd-negative-gap elementor-element elementor-element-7c7c544 e-flex e-con-boxed e-con e-parent\" data-id=\"7c7c544\" data-element_type=\"container\" data-e-type=\"container\">\n\t\t\t\t\t<div class=\"e-con-inner\">\n\t\t<div class=\"elementor-element elementor-element-97d6084 e-con-full e-flex e-con e-child\" data-id=\"97d6084\" data-element_type=\"container\" data-e-type=\"container\">\n\t\t\t\t<div class=\"elementor-element elementor-element-98d830b wd-width-100 elementor-widget elementor-widget-wd_title\" data-id=\"98d830b\" data-element_type=\"widget\" data-e-type=\"widget\" data-widget_type=\"wd_title.default\">\n\t\t\t\t<div class=\"elementor-widget-container\">\n\t\t\t\t\t\t\t<div class=\"title-wrapper wd-set-mb reset-last-child wd-title-color-primary wd-title-style-default wd-title-size-large text-left\">\n\n\t\t\t\n\t\t\t<div class=\"liner-continer\">\n\t\t\t\t<h1 class=\"woodmart-title-container title wd-fontsize-xxl\">FORMACI\u00d3N AVANZADA<\/h1> \n\t\t\t\t\t\t\t<\/div>\n\n\t\t\t\t\t<\/div>\n\t\t\t\t\t\t<\/div>\n\t\t\t\t<\/div>\n\t\t\t\t<div class=\"elementor-element elementor-element-8e8836d color-scheme-inherit text-left elementor-widget elementor-widget-text-editor\" data-id=\"8e8836d\" data-element_type=\"widget\" data-e-type=\"widget\" data-widget_type=\"text-editor.default\">\n\t\t\t\t\t\t\t\t\t<p>La seguridad sigue siendo nuestra m\u00e1xima prioridad en todo lo que hacemos, nuestros instructores se someten a formaciones anuales a trav\u00e9s de los mejores programas internacionales y cuentan con miles de horas de experiencia.<\/p><p>Nuestros programas de formaci\u00f3n se basan en la experiencia, una formaci\u00f3n rigurosa, una s\u00f3lida gesti\u00f3n de riesgos y una instrucci\u00f3n de vuelo de alta calidad. Estamos muy orgullosos de nuestro equipo de formaci\u00f3n, que mantiene unos est\u00e1ndares de seguridad inflexibles.<\/p><p>AEROXPERTS, fundada bajo la direcci\u00f3n del Presidente y Director General Federico Laurencich, ostenta uno de los r\u00e9cords m\u00e1s altos de formaci\u00f3n y horas de vuelo de helic\u00f3pteros de la regi\u00f3n. Con d\u00e9cadas de experiencia de vuelo y miles de horas registradas en el aire, tenga la seguridad de que mantenemos los m\u00e1s altos est\u00e1ndares de seguridad.<\/p>\t\t\t\t\t\t\t\t<\/div>\n\t\t\t\t<\/div>\n\t\t\t\t\t<\/div>\n\t\t\t\t<\/div>\n\t\t<div class=\"wd-negative-gap elementor-element elementor-element-72bd6fe e-flex e-con-boxed e-con e-parent\" data-id=\"72bd6fe\" data-element_type=\"container\" data-e-type=\"container\">\n\t\t\t\t\t<div class=\"e-con-inner\">\n\t\t<div class=\"elementor-element elementor-element-7523d24 e-con-full e-flex e-con e-child\" data-id=\"7523d24\" data-element_type=\"container\" data-e-type=\"container\">\n\t\t\t\t<div class=\"elementor-element elementor-element-31138ab elementor-widget elementor-widget-image\" data-id=\"31138ab\" data-element_type=\"widget\" data-e-type=\"widget\" data-widget_type=\"image.default\">\n\t\t\t\t\t\t\t\t\t\t\t\t\t\t\t<img loading=\"lazy\" decoding=\"async\" width=\"1024\" height=\"683\" src=\"https:\/\/aeroxperts.net\/wp-content\/uploads\/2025\/08\/Advanced-Training-Aeroxperts-2-1024x683.jpg\" class=\"attachment-large size-large wp-image-4468\" alt=\"\" srcset=\"https:\/\/aeroxperts.net\/wp-content\/uploads\/2025\/08\/Advanced-Training-Aeroxperts-2-1024x683.jpg 1024w, https:\/\/aeroxperts.net\/wp-content\/uploads\/2025\/08\/Advanced-Training-Aeroxperts-2-150x100.jpg 150w, https:\/\/aeroxperts.net\/wp-content\/uploads\/2025\/08\/Advanced-Training-Aeroxperts-2-600x400.jpg 600w, https:\/\/aeroxperts.net\/wp-content\/uploads\/2025\/08\/Advanced-Training-Aeroxperts-2-300x200.jpg 300w, https:\/\/aeroxperts.net\/wp-content\/uploads\/2025\/08\/Advanced-Training-Aeroxperts-2-768x512.jpg 768w, https:\/\/aeroxperts.net\/wp-content\/uploads\/2025\/08\/Advanced-Training-Aeroxperts-2.jpg 1440w\" sizes=\"auto, (max-width: 1024px) 100vw, 1024px\" \/>\t\t\t\t\t\t\t\t\t\t\t\t\t\t\t<\/div>\n\t\t\t\t<\/div>\n\t\t<div class=\"elementor-element elementor-element-e182bac e-con-full e-flex e-con e-child\" data-id=\"e182bac\" data-element_type=\"container\" data-e-type=\"container\">\n\t\t\t\t<div class=\"elementor-element elementor-element-c0637ee color-scheme-inherit text-left elementor-widget elementor-widget-text-editor\" data-id=\"c0637ee\" data-element_type=\"widget\" data-e-type=\"widget\" data-widget_type=\"text-editor.default\">\n\t\t\t\t\t\t\t\t\t<p>Algunos de nuestros programas de formaci\u00f3n avanzada:<\/p><ul><li>Curso de seguridad<\/li><li>Formaci\u00f3n policial<\/li><li>Formaci\u00f3n en aplicaciones agr\u00edcolas<\/li><li>Formaci\u00f3n en l\u00edneas el\u00e9ctricas.<\/li><li>Entrenamiento en altitud \/ monta\u00f1a de alta densidad.<\/li><li>Formaci\u00f3n en el extranjero<\/li><li>Entrenamiento con cubos de agua<\/li><li>Cursos de introducci\u00f3n y transici\u00f3n para su aeronave.<\/li><\/ul><p>Personalizamos nuestros programas de formaci\u00f3n en funci\u00f3n de sus<br \/>necesidades operativas.<\/p>\t\t\t\t\t\t\t\t<\/div>\n\t\t\t\t<\/div>\n\t\t\t\t\t<\/div>\n\t\t\t\t<\/div>\n\t\t<div class=\"wd-negative-gap elementor-element elementor-element-107bd8e e-flex e-con-boxed e-con e-parent\" data-id=\"107bd8e\" data-element_type=\"container\" data-e-type=\"container\">\n\t\t\t\t\t<div class=\"e-con-inner\">\n\t\t<div class=\"elementor-element elementor-element-7951c6d e-con-full e-flex e-con e-child\" data-id=\"7951c6d\" data-element_type=\"container\" data-e-type=\"container\">\n\t\t\t\t<div class=\"elementor-element elementor-element-74daba0 elementor-widget elementor-widget-image\" data-id=\"74daba0\" data-element_type=\"widget\" data-e-type=\"widget\" data-widget_type=\"image.default\">\n\t\t\t\t\t\t\t\t\t\t\t\t\t\t\t<img loading=\"lazy\" decoding=\"async\" width=\"1000\" height=\"1000\" src=\"https:\/\/aeroxperts.net\/wp-content\/uploads\/2025\/08\/Advanced-Training-Aeroxperts-4.png\" class=\"attachment-large size-large wp-image-4466\" alt=\"\" srcset=\"https:\/\/aeroxperts.net\/wp-content\/uploads\/2025\/08\/Advanced-Training-Aeroxperts-4.png 1000w, https:\/\/aeroxperts.net\/wp-content\/uploads\/2025\/08\/Advanced-Training-Aeroxperts-4-300x300.png 300w, https:\/\/aeroxperts.net\/wp-content\/uploads\/2025\/08\/Advanced-Training-Aeroxperts-4-150x150.png 150w, https:\/\/aeroxperts.net\/wp-content\/uploads\/2025\/08\/Advanced-Training-Aeroxperts-4-600x600.png 600w, https:\/\/aeroxperts.net\/wp-content\/uploads\/2025\/08\/Advanced-Training-Aeroxperts-4-768x768.png 768w\" sizes=\"auto, (max-width: 1000px) 100vw, 1000px\" \/>\t\t\t\t\t\t\t\t\t\t\t\t\t\t\t<\/div>\n\t\t\t\t<\/div>\n\t\t<div class=\"elementor-element elementor-element-184ec5a e-con-full e-flex e-con e-child\" data-id=\"184ec5a\" data-element_type=\"container\" data-e-type=\"container\">\n\t\t\t\t<div class=\"elementor-element elementor-element-1dd3c07 elementor-widget elementor-widget-image\" data-id=\"1dd3c07\" data-element_type=\"widget\" data-e-type=\"widget\" data-widget_type=\"image.default\">\n\t\t\t\t\t\t\t\t\t\t\t\t\t\t\t<img loading=\"lazy\" decoding=\"async\" width=\"1024\" height=\"1024\" src=\"https:\/\/aeroxperts.net\/wp-content\/uploads\/2025\/08\/Advanced-Training-Aeroxperts-3-1024x1024.jpg\" class=\"attachment-large size-large wp-image-4467\" alt=\"\" srcset=\"https:\/\/aeroxperts.net\/wp-content\/uploads\/2025\/08\/Advanced-Training-Aeroxperts-3-1024x1024.jpg 1024w, https:\/\/aeroxperts.net\/wp-content\/uploads\/2025\/08\/Advanced-Training-Aeroxperts-3-300x300.jpg 300w, https:\/\/aeroxperts.net\/wp-content\/uploads\/2025\/08\/Advanced-Training-Aeroxperts-3-150x150.jpg 150w, https:\/\/aeroxperts.net\/wp-content\/uploads\/2025\/08\/Advanced-Training-Aeroxperts-3-600x600.jpg 600w, https:\/\/aeroxperts.net\/wp-content\/uploads\/2025\/08\/Advanced-Training-Aeroxperts-3-768x768.jpg 768w, https:\/\/aeroxperts.net\/wp-content\/uploads\/2025\/08\/Advanced-Training-Aeroxperts-3.jpg 1080w\" sizes=\"auto, (max-width: 1024px) 100vw, 1024px\" \/>\t\t\t\t\t\t\t\t\t\t\t\t\t\t\t<\/div>\n\t\t\t\t<\/div>\n\t\t\t\t\t<\/div>\n\t\t\t\t<\/div>\n\t\t\t\t<\/div>","protected":false},"excerpt":{"rendered":"<p>ADVANCED TRAINING Safety remains our top priority on everything we do, our Instructors undergo annual trainings through the best international<\/p>","protected":false},"author":1,"featured_media":0,"parent":0,"menu_order":0,"comment_status":"closed","ping_status":"closed","template":"","meta":{"_joinchat":[],"footnotes":""},"class_list":["post-4459","page","type-page","status-publish","hentry"],"_links":{"self":[{"href":"https:\/\/aeroxperts.net\/es\/wp-json\/wp\/v2\/pages\/4459","targetHints":{"allow":["GET"]}}],"collection":[{"href":"https:\/\/aeroxperts.net\/es\/wp-json\/wp\/v2\/pages"}],"about":[{"href":"https:\/\/aeroxperts.net\/es\/wp-json\/wp\/v2\/types\/page"}],"author":[{"embeddable":true,"href":"https:\/\/aeroxperts.net\/es\/wp-json\/wp\/v2\/users\/1"}],"replies":[{"embeddable":true,"href":"https:\/\/aeroxperts.net\/es\/wp-json\/wp\/v2\/comments?post=4459"}],"version-history":[{"count":16,"href":"https:\/\/aeroxperts.net\/es\/wp-json\/wp\/v2\/pages\/4459\/revisions"}],"predecessor-version":[{"id":8890,"href":"https:\/\/aeroxperts.net\/es\/wp-json\/wp\/v2\/pages\/4459\/revisions\/8890"}],"wp:attachment":[{"href":"https:\/\/aeroxperts.net\/es\/wp-json\/wp\/v2\/media?parent=4459"}],"curies":[{"name":"wp","href":"https:\/\/api.w.org\/{rel}","templated":true}]}}