{"id":4450,"date":"2025-08-16T04:20:07","date_gmt":"2025-08-16T04:20:07","guid":{"rendered":"https:\/\/aeroxperts.net\/?page_id=4450"},"modified":"2025-08-18T09:28:14","modified_gmt":"2025-08-18T15:28:14","slug":"aircraft-sales","status":"publish","type":"page","link":"https:\/\/aeroxperts.net\/es\/aircraft-sales\/","title":{"rendered":"Venta de aviones"},"content":{"rendered":"<div data-elementor-type=\"wp-page\" data-elementor-id=\"4450\" class=\"elementor elementor-4450\" data-elementor-post-type=\"page\">\n\t\t\t\t<div class=\"wd-negative-gap elementor-element elementor-element-1c90c3f wd-section-stretch e-flex e-con-boxed e-con e-parent\" data-id=\"1c90c3f\" data-element_type=\"container\" data-e-type=\"container\" data-settings=\"{&quot;background_background&quot;:&quot;classic&quot;}\">\n\t\t\t\t\t<div class=\"e-con-inner\">\n\t\t\t\t\t<\/div>\n\t\t\t\t<\/div>\n\t\t<div class=\"wd-negative-gap elementor-element elementor-element-7c7c544 e-flex e-con-boxed e-con e-parent\" data-id=\"7c7c544\" data-element_type=\"container\" data-e-type=\"container\">\n\t\t\t\t\t<div class=\"e-con-inner\">\n\t\t<div class=\"elementor-element elementor-element-97d6084 e-con-full e-flex e-con e-child\" data-id=\"97d6084\" data-element_type=\"container\" data-e-type=\"container\">\n\t\t\t\t<div class=\"elementor-element elementor-element-98d830b wd-width-100 elementor-widget elementor-widget-wd_title\" data-id=\"98d830b\" data-element_type=\"widget\" data-e-type=\"widget\" data-widget_type=\"wd_title.default\">\n\t\t\t\t<div class=\"elementor-widget-container\">\n\t\t\t\t\t\t\t<div class=\"title-wrapper wd-set-mb reset-last-child wd-title-color-primary wd-title-style-default wd-title-size-large text-left\">\n\n\t\t\t\n\t\t\t<div class=\"liner-continer\">\n\t\t\t\t<h1 class=\"woodmart-title-container title wd-fontsize-xxl\">VENTA DE AERONAVES<\/h1> \n\t\t\t\t\t\t\t<\/div>\n\n\t\t\t\t\t<\/div>\n\t\t\t\t\t\t<\/div>\n\t\t\t\t<\/div>\n\t\t\t\t<div class=\"elementor-element elementor-element-8e8836d color-scheme-inherit text-left elementor-widget elementor-widget-text-editor\" data-id=\"8e8836d\" data-element_type=\"widget\" data-e-type=\"widget\" data-widget_type=\"text-editor.default\">\n\t\t\t\t\t\t\t\t\t<p>Nuestra experiencia en el sector y nuestra red de clientes, construida a lo largo de los a\u00f1os, nos permiten ofrecer una amplia flota de aeronaves exclusivas y prestar servicios integrales. Con nosotros, puede estar seguro de contar con todo el apoyo que necesita para comprar su aeronave.<\/p><p>D\u00edganos qu\u00e9 est\u00e1 buscando y le ofreceremos las mejores soluciones fuera del mercado en nuestro inventario de aviones nuevos o usados. Vendemos y entregamos en todo el mundo aviones nuevos o seminuevos.<\/p><p>Con un historial de excelencia demostrada, nos enorgullece ofrecer helic\u00f3pteros\/aviones nuevos o de segunda mano, garantizando el acceso a tecnolog\u00eda aeron\u00e1utica de primer nivel. Entendemos los retos de adquirir y operar aeronaves, porque nosotros mismos hemos estado en su situaci\u00f3n. Desde servicios de adquisici\u00f3n y titularidad hasta inspecciones previas a la compra, formaci\u00f3n de tripulaciones y certificaci\u00f3n, AeroXperts es su ventanilla \u00fanica para todas las necesidades de aviaci\u00f3n.<\/p>\t\t\t\t\t\t\t\t<\/div>\n\t\t\t\t<\/div>\n\t\t\t\t\t<\/div>\n\t\t\t\t<\/div>\n\t\t<div class=\"wd-negative-gap elementor-element elementor-element-72bd6fe e-flex e-con-boxed e-con e-parent\" data-id=\"72bd6fe\" data-element_type=\"container\" data-e-type=\"container\">\n\t\t\t\t\t<div class=\"e-con-inner\">\n\t\t<div class=\"elementor-element elementor-element-7523d24 e-con-full e-flex e-con e-child\" data-id=\"7523d24\" data-element_type=\"container\" data-e-type=\"container\">\n\t\t\t\t<div class=\"elementor-element elementor-element-31138ab elementor-widget elementor-widget-image\" data-id=\"31138ab\" data-element_type=\"widget\" data-e-type=\"widget\" data-widget_type=\"image.default\">\n\t\t\t\t\t\t\t\t\t\t\t\t\t\t\t<img loading=\"lazy\" decoding=\"async\" width=\"1024\" height=\"683\" src=\"https:\/\/aeroxperts.net\/wp-content\/uploads\/2025\/08\/Aircraft-sales-Aeroxperts-2-1024x683.jpg\" class=\"attachment-large size-large wp-image-4453\" alt=\"\" srcset=\"https:\/\/aeroxperts.net\/wp-content\/uploads\/2025\/08\/Aircraft-sales-Aeroxperts-2-1024x683.jpg 1024w, https:\/\/aeroxperts.net\/wp-content\/uploads\/2025\/08\/Aircraft-sales-Aeroxperts-2-150x100.jpg 150w, https:\/\/aeroxperts.net\/wp-content\/uploads\/2025\/08\/Aircraft-sales-Aeroxperts-2-600x400.jpg 600w, https:\/\/aeroxperts.net\/wp-content\/uploads\/2025\/08\/Aircraft-sales-Aeroxperts-2-300x200.jpg 300w, https:\/\/aeroxperts.net\/wp-content\/uploads\/2025\/08\/Aircraft-sales-Aeroxperts-2-768x512.jpg 768w, https:\/\/aeroxperts.net\/wp-content\/uploads\/2025\/08\/Aircraft-sales-Aeroxperts-2-1536x1025.jpg 1536w, https:\/\/aeroxperts.net\/wp-content\/uploads\/2025\/08\/Aircraft-sales-Aeroxperts-2.jpg 1920w\" sizes=\"auto, (max-width: 1024px) 100vw, 1024px\" \/>\t\t\t\t\t\t\t\t\t\t\t\t\t\t\t<\/div>\n\t\t\t\t<\/div>\n\t\t<div class=\"elementor-element elementor-element-e182bac e-con-full e-flex e-con e-child\" data-id=\"e182bac\" data-element_type=\"container\" data-e-type=\"container\">\n\t\t\t\t<div class=\"elementor-element elementor-element-56d8ab5 wd-width-100 elementor-widget elementor-widget-wd_title\" data-id=\"56d8ab5\" data-element_type=\"widget\" data-e-type=\"widget\" data-widget_type=\"wd_title.default\">\n\t\t\t\t<div class=\"elementor-widget-container\">\n\t\t\t\t\t\t\t<div class=\"title-wrapper wd-set-mb reset-last-child wd-title-color-primary wd-title-style-default wd-title-size-large text-left\">\n\n\t\t\t\n\t\t\t<div class=\"liner-continer\">\n\t\t\t\t<h2 class=\"woodmart-title-container title wd-fontsize-xxl\">ELEGIR EL AVI\u00d3N PERFECTO<\/h2> \n\t\t\t\t\t\t\t<\/div>\n\n\t\t\t\t\t<\/div>\n\t\t\t\t\t\t<\/div>\n\t\t\t\t<\/div>\n\t\t\t\t<div class=\"elementor-element elementor-element-c0637ee color-scheme-inherit text-left elementor-widget elementor-widget-text-editor\" data-id=\"c0637ee\" data-element_type=\"widget\" data-e-type=\"widget\" data-widget_type=\"text-editor.default\">\n\t\t\t\t\t\t\t\t\tSeleccionar la aeronave adecuada es una inversi\u00f3n importante, y nosotros nos comprometemos a ayudarle a tomar una decisi\u00f3n informada. Nuestra experiencia en el sector, combinada con un profundo conocimiento, nos permite\nguiarle en cada paso del proceso, ayud\u00e1ndole a elegir una aeronave que se ajuste a sus necesidades operativas, preferencias y presupuesto.\t\t\t\t\t\t\t\t<\/div>\n\t\t\t\t<\/div>\n\t\t\t\t\t<\/div>\n\t\t\t\t<\/div>\n\t\t<div class=\"wd-negative-gap elementor-element elementor-element-107bd8e e-flex e-con-boxed e-con e-parent\" data-id=\"107bd8e\" data-element_type=\"container\" data-e-type=\"container\">\n\t\t\t\t\t<div class=\"e-con-inner\">\n\t\t<div class=\"elementor-element elementor-element-da230da e-con-full e-flex e-con e-child\" data-id=\"da230da\" data-element_type=\"container\" data-e-type=\"container\">\n\t\t\t\t<div class=\"elementor-element elementor-element-b5f0fa3 wd-width-100 elementor-widget elementor-widget-wd_title\" data-id=\"b5f0fa3\" data-element_type=\"widget\" data-e-type=\"widget\" data-widget_type=\"wd_title.default\">\n\t\t\t\t<div class=\"elementor-widget-container\">\n\t\t\t\t\t\t\t<div class=\"title-wrapper wd-set-mb reset-last-child wd-title-color-primary wd-title-style-default wd-title-size-large text-left\">\n\n\t\t\t\n\t\t\t<div class=\"liner-continer\">\n\t\t\t\t<h2 class=\"woodmart-title-container title wd-fontsize-xxl\">NUESTROS SERVICIOS<\/h2> \n\t\t\t\t\t\t\t<\/div>\n\n\t\t\t\t\t<\/div>\n\t\t\t\t\t\t<\/div>\n\t\t\t\t<\/div>\n\t\t\t\t<div class=\"elementor-element elementor-element-e125e51 color-scheme-inherit text-left elementor-widget elementor-widget-text-editor\" data-id=\"e125e51\" data-element_type=\"widget\" data-e-type=\"widget\" data-widget_type=\"text-editor.default\">\n\t\t\t\t\t\t\t\t\t<p>Ofrecemos una gama completa de servicios de aviaci\u00f3n, entre los que se incluyen:<\/p><ul><li>Venta y asesoramiento de helic\u00f3pteros y aviones<\/li><li>Formaci\u00f3n avanzada de pilotos<\/li><li>Inspecciones previas a la compra<\/li><li>Servicios de titularidad y registro de aeronaves<\/li><li>Asistencia y mantenimiento continuos<\/li><li>Tasaci\u00f3n de aeronaves<\/li><li>Reposicionamiento y vuelos ferry<\/li><li>Log\u00edstica y servicios de importaci\u00f3n y exportaci\u00f3n de aeronaves<\/li><\/ul>\t\t\t\t\t\t\t\t<\/div>\n\t\t\t\t<\/div>\n\t\t<div class=\"elementor-element elementor-element-7951c6d e-con-full e-flex e-con e-child\" data-id=\"7951c6d\" data-element_type=\"container\" data-e-type=\"container\">\n\t\t\t\t<div class=\"elementor-element elementor-element-74daba0 elementor-widget elementor-widget-image\" data-id=\"74daba0\" data-element_type=\"widget\" data-e-type=\"widget\" data-widget_type=\"image.default\">\n\t\t\t\t\t\t\t\t\t\t\t\t\t\t\t<img loading=\"lazy\" decoding=\"async\" width=\"1024\" height=\"655\" src=\"https:\/\/aeroxperts.net\/wp-content\/uploads\/2025\/08\/Aircraft-sales-Aeroxperts-3-1024x655.jpg\" class=\"attachment-large size-large wp-image-4452\" alt=\"\" srcset=\"https:\/\/aeroxperts.net\/wp-content\/uploads\/2025\/08\/Aircraft-sales-Aeroxperts-3-1024x655.jpg 1024w, https:\/\/aeroxperts.net\/wp-content\/uploads\/2025\/08\/Aircraft-sales-Aeroxperts-3-150x96.jpg 150w, https:\/\/aeroxperts.net\/wp-content\/uploads\/2025\/08\/Aircraft-sales-Aeroxperts-3-600x384.jpg 600w, https:\/\/aeroxperts.net\/wp-content\/uploads\/2025\/08\/Aircraft-sales-Aeroxperts-3-300x192.jpg 300w, https:\/\/aeroxperts.net\/wp-content\/uploads\/2025\/08\/Aircraft-sales-Aeroxperts-3-768x491.jpg 768w, https:\/\/aeroxperts.net\/wp-content\/uploads\/2025\/08\/Aircraft-sales-Aeroxperts-3.jpg 1500w\" sizes=\"auto, (max-width: 1024px) 100vw, 1024px\" \/>\t\t\t\t\t\t\t\t\t\t\t\t\t\t\t<\/div>\n\t\t\t\t<\/div>\n\t\t\t\t\t<\/div>\n\t\t\t\t<\/div>\n\t\t<div class=\"wd-negative-gap elementor-element elementor-element-3fe81ee e-flex e-con-boxed e-con e-parent\" data-id=\"3fe81ee\" data-element_type=\"container\" data-e-type=\"container\">\n\t\t\t\t\t<div class=\"e-con-inner\">\n\t\t<div class=\"elementor-element elementor-element-76df352 e-con-full e-flex e-con e-child\" data-id=\"76df352\" data-element_type=\"container\" data-e-type=\"container\">\n\t\t\t\t<div class=\"elementor-element elementor-element-292cb8c wd-width-100 elementor-widget elementor-widget-wd_title\" data-id=\"292cb8c\" data-element_type=\"widget\" data-e-type=\"widget\" data-widget_type=\"wd_title.default\">\n\t\t\t\t<div class=\"elementor-widget-container\">\n\t\t\t\t\t\t\t<div class=\"title-wrapper wd-set-mb reset-last-child wd-title-color-primary wd-title-style-default wd-title-size-large text-center\">\n\n\t\t\t\n\t\t\t<div class=\"liner-continer\">\n\t\t\t\t<h2 class=\"woodmart-title-container title wd-fontsize-xxl\">PROFESIONALES DE CONFIANZA<br \/>\n\u00a1PUEDE VENDER SU AVI\u00d3N CON NOSOTROS !<\/h2> \n\t\t\t\t\t\t\t<\/div>\n\n\t\t\t\t\t<\/div>\n\t\t\t\t\t\t<\/div>\n\t\t\t\t<\/div>\n\t\t\t\t<div class=\"elementor-element elementor-element-eb4bd96 color-scheme-inherit text-left elementor-widget elementor-widget-text-editor\" data-id=\"eb4bd96\" data-element_type=\"widget\" data-e-type=\"widget\" data-widget_type=\"text-editor.default\">\n\t\t\t\t\t\t\t\t\t<p>Podemos guiarle con nuestra amplia experiencia para obtener el mejor valor por su aeronave mediante un estudio de valoraci\u00f3n preciso basado en el valor de mercado actual y el estado espec\u00edfico de la aeronave.<\/p><p>Con nosotros, puede estar seguro de vender su aeronave a trav\u00e9s de nuestra amplia red de clientes en todo el mundo y de nuestras plataformas de comercializaci\u00f3n.<\/p>\t\t\t\t\t\t\t\t<\/div>\n\t\t\t\t<\/div>\n\t\t\t\t\t<\/div>\n\t\t\t\t<\/div>\n\t\t\t\t<\/div>","protected":false},"excerpt":{"rendered":"<p>AIRCRAFT SALES Our experience in the industry and network of clients, built through out the years, enable us to offer<\/p>","protected":false},"author":1,"featured_media":0,"parent":0,"menu_order":0,"comment_status":"closed","ping_status":"closed","template":"","meta":{"_joinchat":[],"footnotes":""},"class_list":["post-4450","page","type-page","status-publish","hentry"],"_links":{"self":[{"href":"https:\/\/aeroxperts.net\/es\/wp-json\/wp\/v2\/pages\/4450","targetHints":{"allow":["GET"]}}],"collection":[{"href":"https:\/\/aeroxperts.net\/es\/wp-json\/wp\/v2\/pages"}],"about":[{"href":"https:\/\/aeroxperts.net\/es\/wp-json\/wp\/v2\/types\/page"}],"author":[{"embeddable":true,"href":"https:\/\/aeroxperts.net\/es\/wp-json\/wp\/v2\/users\/1"}],"replies":[{"embeddable":true,"href":"https:\/\/aeroxperts.net\/es\/wp-json\/wp\/v2\/comments?post=4450"}],"version-history":[{"count":13,"href":"https:\/\/aeroxperts.net\/es\/wp-json\/wp\/v2\/pages\/4450\/revisions"}],"predecessor-version":[{"id":8920,"href":"https:\/\/aeroxperts.net\/es\/wp-json\/wp\/v2\/pages\/4450\/revisions\/8920"}],"wp:attachment":[{"href":"https:\/\/aeroxperts.net\/es\/wp-json\/wp\/v2\/media?parent=4450"}],"curies":[{"name":"wp","href":"https:\/\/api.w.org\/{rel}","templated":true}]}}