{"id":4400,"date":"2021-10-12T15:51:09","date_gmt":"2021-10-12T15:51:09","guid":{"rendered":"http:\/\/dummy.xtemos.com\/woodmart2\/elementor\/?page_id=4400"},"modified":"2025-08-18T09:26:47","modified_gmt":"2025-08-18T15:26:47","slug":"about-us","status":"publish","type":"page","link":"https:\/\/aeroxperts.net\/es\/about-us\/","title":{"rendered":"Qui\u00e9nes somos"},"content":{"rendered":"<div data-elementor-type=\"wp-page\" data-elementor-id=\"4400\" class=\"elementor elementor-4400\" data-elementor-post-type=\"page\">\n\t\t\t\t<div class=\"wd-negative-gap elementor-element elementor-element-1c90c3f wd-section-stretch e-flex e-con-boxed e-con e-parent\" data-id=\"1c90c3f\" data-element_type=\"container\" data-e-type=\"container\" data-settings=\"{&quot;background_background&quot;:&quot;classic&quot;}\">\n\t\t\t\t\t<div class=\"e-con-inner\">\n\t\t\t\t\t<\/div>\n\t\t\t\t<\/div>\n\t\t<div class=\"wd-negative-gap elementor-element elementor-element-7c7c544 e-flex e-con-boxed e-con e-parent\" data-id=\"7c7c544\" data-element_type=\"container\" data-e-type=\"container\">\n\t\t\t\t\t<div class=\"e-con-inner\">\n\t\t<div class=\"elementor-element elementor-element-97d6084 e-con-full e-flex e-con e-child\" data-id=\"97d6084\" data-element_type=\"container\" data-e-type=\"container\">\n\t\t\t\t<div class=\"elementor-element elementor-element-98d830b wd-width-100 elementor-widget elementor-widget-wd_title\" data-id=\"98d830b\" data-element_type=\"widget\" data-e-type=\"widget\" data-widget_type=\"wd_title.default\">\n\t\t\t\t<div class=\"elementor-widget-container\">\n\t\t\t\t\t\t\t<div class=\"title-wrapper wd-set-mb reset-last-child wd-title-color-primary wd-title-style-default wd-title-size-large text-left\">\n\n\t\t\t\n\t\t\t<div class=\"liner-continer\">\n\t\t\t\t<h1 class=\"woodmart-title-container title wd-fontsize-xxl\">QUI\u00c9NES SOMOS Y QU\u00c9 HACEMOS<\/h1> \n\t\t\t\t\t\t\t<\/div>\n\n\t\t\t\t\t<\/div>\n\t\t\t\t\t\t<\/div>\n\t\t\t\t<\/div>\n\t\t\t\t<div class=\"elementor-element elementor-element-8e8836d color-scheme-inherit text-left elementor-widget elementor-widget-text-editor\" data-id=\"8e8836d\" data-element_type=\"widget\" data-e-type=\"widget\" data-widget_type=\"text-editor.default\">\n\t\t\t\t\t\t\t\t\t<p>Estamos especializados en la venta de aeronaves y en formaci\u00f3n avanzada, y ofrecemos una experiencia y una atenci\u00f3n al cliente inigualables. Como distribuidores autorizados de aeronaves y proveedores de servicios, nos aseguramos de que encuentre el helic\u00f3ptero o avi\u00f3n perfecto para satisfacer sus necesidades. Tanto si busca un modelo nuevo como una aeronave de segunda mano cuidadosamente mantenida, le ofrecemos soluciones integrales para que su viaje en el mundo de la aviaci\u00f3n sea perfecto.<\/p><p>Con un historial de excelencia demostrada, nos enorgullece ofrecer algunos de los helic\u00f3pteros y aviones m\u00e1s vendidos del mundo, lo que garantiza el acceso a la tecnolog\u00eda aeron\u00e1utica de primer nivel.<\/p><p>Comprendemos los retos que plantea la adquisici\u00f3n y explotaci\u00f3n de aeronaves, porque nosotros mismos hemos estado en su situaci\u00f3n.<\/p><p>Desde servicios de adquisici\u00f3n y titularidad hasta inspecciones previas a la compra, vuelos de entrega \/ ferry, formaci\u00f3n de tripulaciones y certificaci\u00f3n, AeroXperts es su ventanilla \u00fanica para todas las necesidades de aviaci\u00f3n.<\/p>\t\t\t\t\t\t\t\t<\/div>\n\t\t\t\t<\/div>\n\t\t\t\t\t<\/div>\n\t\t\t\t<\/div>\n\t\t<div class=\"wd-negative-gap elementor-element elementor-element-72bd6fe e-flex e-con-boxed e-con e-parent\" data-id=\"72bd6fe\" data-element_type=\"container\" data-e-type=\"container\">\n\t\t\t\t\t<div class=\"e-con-inner\">\n\t\t<div class=\"elementor-element elementor-element-7523d24 e-con-full e-flex e-con e-child\" data-id=\"7523d24\" data-element_type=\"container\" data-e-type=\"container\">\n\t\t\t\t<div class=\"elementor-element elementor-element-31138ab elementor-widget elementor-widget-image\" data-id=\"31138ab\" data-element_type=\"widget\" data-e-type=\"widget\" data-widget_type=\"image.default\">\n\t\t\t\t\t\t\t\t\t\t\t\t\t\t\t<img loading=\"lazy\" decoding=\"async\" width=\"768\" height=\"1024\" src=\"https:\/\/aeroxperts.net\/wp-content\/uploads\/2025\/08\/Bell-Aeroxperts-768x1024.jpg\" class=\"attachment-large size-large wp-image-4425\" alt=\"\" srcset=\"https:\/\/aeroxperts.net\/wp-content\/uploads\/2025\/08\/Bell-Aeroxperts-768x1024.jpg 768w, https:\/\/aeroxperts.net\/wp-content\/uploads\/2025\/08\/Bell-Aeroxperts-150x200.jpg 150w, https:\/\/aeroxperts.net\/wp-content\/uploads\/2025\/08\/Bell-Aeroxperts-600x800.jpg 600w, https:\/\/aeroxperts.net\/wp-content\/uploads\/2025\/08\/Bell-Aeroxperts-225x300.jpg 225w, https:\/\/aeroxperts.net\/wp-content\/uploads\/2025\/08\/Bell-Aeroxperts-1152x1536.jpg 1152w, https:\/\/aeroxperts.net\/wp-content\/uploads\/2025\/08\/Bell-Aeroxperts.jpg 1440w\" sizes=\"auto, (max-width: 768px) 100vw, 768px\" \/>\t\t\t\t\t\t\t\t\t\t\t\t\t\t\t<\/div>\n\t\t\t\t<\/div>\n\t\t<div class=\"elementor-element elementor-element-e182bac e-con-full e-flex e-con e-child\" data-id=\"e182bac\" data-element_type=\"container\" data-e-type=\"container\">\n\t\t\t\t<div class=\"elementor-element elementor-element-56d8ab5 wd-width-100 elementor-widget elementor-widget-wd_title\" data-id=\"56d8ab5\" data-element_type=\"widget\" data-e-type=\"widget\" data-widget_type=\"wd_title.default\">\n\t\t\t\t<div class=\"elementor-widget-container\">\n\t\t\t\t\t\t\t<div class=\"title-wrapper wd-set-mb reset-last-child wd-title-color-primary wd-title-style-default wd-title-size-large text-left\">\n\n\t\t\t\n\t\t\t<div class=\"liner-continer\">\n\t\t\t\t<h2 class=\"woodmart-title-container title wd-fontsize-xxl\">UNA AMPLIA GAMA DE AVIONES<\/h2> \n\t\t\t\t\t\t\t<\/div>\n\n\t\t\t\t\t<\/div>\n\t\t\t\t\t\t<\/div>\n\t\t\t\t<\/div>\n\t\t\t\t<div class=\"elementor-element elementor-element-c0637ee color-scheme-inherit text-left elementor-widget elementor-widget-text-editor\" data-id=\"c0637ee\" data-element_type=\"widget\" data-e-type=\"widget\" data-widget_type=\"text-editor.default\">\n\t\t\t\t\t\t\t\t\t<p>Vamos m\u00e1s all\u00e1 de las ventas tradicionales ofreciendo una amplia selecci\u00f3n de helic\u00f3pteros y aviones de marcas l\u00edderes. Nuestro equipo trabaja estrechamente con usted para identificar la mejor aeronave que se adapte a sus requisitos espec\u00edficos, ya sea para uso personal, operaciones comerciales o misiones especializadas.<\/p><p>Con nuestro asesoramiento personalizado, convertimos sus sue\u00f1os de aviaci\u00f3n en realidad, asegur\u00e1ndonos de que obtiene el avi\u00f3n adecuado, nuevo o de segunda mano.<\/p>\t\t\t\t\t\t\t\t<\/div>\n\t\t\t\t<\/div>\n\t\t\t\t\t<\/div>\n\t\t\t\t<\/div>\n\t\t<div class=\"wd-negative-gap elementor-element elementor-element-107bd8e e-flex e-con-boxed e-con e-parent\" data-id=\"107bd8e\" data-element_type=\"container\" data-e-type=\"container\">\n\t\t\t\t\t<div class=\"e-con-inner\">\n\t\t<div class=\"elementor-element elementor-element-da230da e-con-full e-flex e-con e-child\" data-id=\"da230da\" data-element_type=\"container\" data-e-type=\"container\">\n\t\t\t\t<div class=\"elementor-element elementor-element-b5f0fa3 wd-width-100 elementor-widget elementor-widget-wd_title\" data-id=\"b5f0fa3\" data-element_type=\"widget\" data-e-type=\"widget\" data-widget_type=\"wd_title.default\">\n\t\t\t\t<div class=\"elementor-widget-container\">\n\t\t\t\t\t\t\t<div class=\"title-wrapper wd-set-mb reset-last-child wd-title-color-primary wd-title-style-default wd-title-size-large text-left\">\n\n\t\t\t\n\t\t\t<div class=\"liner-continer\">\n\t\t\t\t<h2 class=\"woodmart-title-container title wd-fontsize-xxl\">NUESTROS SERVICIOS<\/h2> \n\t\t\t\t\t\t\t<\/div>\n\n\t\t\t\t\t<\/div>\n\t\t\t\t\t\t<\/div>\n\t\t\t\t<\/div>\n\t\t\t\t<div class=\"elementor-element elementor-element-e125e51 color-scheme-inherit text-left elementor-widget elementor-widget-text-editor\" data-id=\"e125e51\" data-element_type=\"widget\" data-e-type=\"widget\" data-widget_type=\"text-editor.default\">\n\t\t\t\t\t\t\t\t\t<p>Ofrecemos una gama completa de servicios de aviaci\u00f3n, entre los que se incluyen:<\/p><ul><li>Venta y asesoramiento de helic\u00f3pteros y aviones<\/li><li>Formaci\u00f3n avanzada de pilotos<\/li><li>Inspecciones previas a la compra<\/li><li>Servicios de titularidad y registro de aeronaves<\/li><li>Asistencia y mantenimiento continuos<\/li><li>Tasaci\u00f3n de aeronaves<\/li><li>Reposicionamiento y vuelos ferry<\/li><li>Log\u00edstica y servicios de importaci\u00f3n y exportaci\u00f3n de aeronaves<\/li><\/ul>\t\t\t\t\t\t\t\t<\/div>\n\t\t\t\t<\/div>\n\t\t<div class=\"elementor-element elementor-element-7951c6d e-con-full e-flex e-con e-child\" data-id=\"7951c6d\" data-element_type=\"container\" data-e-type=\"container\">\n\t\t\t\t<div class=\"elementor-element elementor-element-74daba0 elementor-widget elementor-widget-image\" data-id=\"74daba0\" data-element_type=\"widget\" data-e-type=\"widget\" data-widget_type=\"image.default\">\n\t\t\t\t\t\t\t\t\t\t\t\t\t\t\t<img loading=\"lazy\" decoding=\"async\" width=\"470\" height=\"630\" src=\"https:\/\/aeroxperts.net\/wp-content\/uploads\/2025\/08\/aeroxperts-2.jpg\" class=\"attachment-large size-large wp-image-4430\" alt=\"\" srcset=\"https:\/\/aeroxperts.net\/wp-content\/uploads\/2025\/08\/aeroxperts-2.jpg 470w, https:\/\/aeroxperts.net\/wp-content\/uploads\/2025\/08\/aeroxperts-2-150x201.jpg 150w, https:\/\/aeroxperts.net\/wp-content\/uploads\/2025\/08\/aeroxperts-2-224x300.jpg 224w\" sizes=\"auto, (max-width: 470px) 100vw, 470px\" \/>\t\t\t\t\t\t\t\t\t\t\t\t\t\t\t<\/div>\n\t\t\t\t<\/div>\n\t\t\t\t\t<\/div>\n\t\t\t\t<\/div>\n\t\t<div class=\"wd-negative-gap elementor-element elementor-element-3fe81ee e-flex e-con-boxed e-con e-parent\" data-id=\"3fe81ee\" data-element_type=\"container\" data-e-type=\"container\">\n\t\t\t\t\t<div class=\"e-con-inner\">\n\t\t<div class=\"elementor-element elementor-element-76df352 e-con-full e-flex e-con e-child\" data-id=\"76df352\" data-element_type=\"container\" data-e-type=\"container\">\n\t\t\t\t<div class=\"elementor-element elementor-element-292cb8c wd-width-100 elementor-widget elementor-widget-wd_title\" data-id=\"292cb8c\" data-element_type=\"widget\" data-e-type=\"widget\" data-widget_type=\"wd_title.default\">\n\t\t\t\t<div class=\"elementor-widget-container\">\n\t\t\t\t\t\t\t<div class=\"title-wrapper wd-set-mb reset-last-child wd-title-color-primary wd-title-style-default wd-title-size-large text-center\">\n\n\t\t\t\n\t\t\t<div class=\"liner-continer\">\n\t\t\t\t<h2 class=\"woodmart-title-container title wd-fontsize-xxl\">CONOZCA A NUESTRO EQUIPO DE EXPERTOS<\/h2> \n\t\t\t\t\t\t\t<\/div>\n\n\t\t\t\t\t<\/div>\n\t\t\t\t\t\t<\/div>\n\t\t\t\t<\/div>\n\t\t\t\t<div class=\"elementor-element elementor-element-eb4bd96 color-scheme-inherit text-left elementor-widget elementor-widget-text-editor\" data-id=\"eb4bd96\" data-element_type=\"widget\" data-e-type=\"widget\" data-widget_type=\"text-editor.default\">\n\t\t\t\t\t\t\t\t\t<p>En nuestra empresa, nos enorgullecemos de fomentar una plantilla 100% dedicada a la seguridad y al servicio al cliente. Nuestros ejecutivos de ventas profesionales, pilotos, t\u00e9cnicos y personal operativo se someten a los programas de formaci\u00f3n inicial y recurrente m\u00e1s rigurosos, lo que garantiza la prestaci\u00f3n del servicio m\u00e1s seguro y de mayor calidad para nuestros clientes.<\/p><p>Este compromiso inquebrantable define a nuestro equipo, dotado de ejecutivos cualificados, pilotos, t\u00e9cnicos diligentes y personal operativo competente. Estas meticulosas sesiones de formaci\u00f3n no s\u00f3lo imparten habilidades y conocimientos de vanguardia, sino que tambi\u00e9n refuerzan nuestra dedicaci\u00f3n para garantizar la m\u00e1xima eficiencia y calidad en los servicios que prestamos.<\/p><p>Cuando elija hacer negocios con nosotros, tenga la seguridad de que est\u00e1 optando por un servicio que prioriza su satisfacci\u00f3n por encima de todo.<\/p>\t\t\t\t\t\t\t\t<\/div>\n\t\t\t\t<\/div>\n\t\t\t\t\t<\/div>\n\t\t\t\t<\/div>\n\t\t<div class=\"wd-negative-gap elementor-element elementor-element-434c41d e-flex e-con-boxed e-con e-parent\" data-id=\"434c41d\" data-element_type=\"container\" data-e-type=\"container\">\n\t\t\t\t\t<div class=\"e-con-inner\">\n\t\t\t\t<div class=\"elementor-element elementor-element-a33c7d3 elementor-widget elementor-widget-image\" data-id=\"a33c7d3\" data-element_type=\"widget\" data-e-type=\"widget\" data-widget_type=\"image.default\">\n\t\t\t\t\t\t\t\t\t\t\t\t\t\t\t<img loading=\"lazy\" decoding=\"async\" width=\"1024\" height=\"389\" src=\"https:\/\/aeroxperts.net\/wp-content\/uploads\/2025\/08\/about-us-aeroxperts-2-1024x389.png\" class=\"attachment-large size-large wp-image-4442\" alt=\"\" srcset=\"https:\/\/aeroxperts.net\/wp-content\/uploads\/2025\/08\/about-us-aeroxperts-2-1024x389.png 1024w, https:\/\/aeroxperts.net\/wp-content\/uploads\/2025\/08\/about-us-aeroxperts-2-150x57.png 150w, https:\/\/aeroxperts.net\/wp-content\/uploads\/2025\/08\/about-us-aeroxperts-2-600x228.png 600w, https:\/\/aeroxperts.net\/wp-content\/uploads\/2025\/08\/about-us-aeroxperts-2-300x114.png 300w, https:\/\/aeroxperts.net\/wp-content\/uploads\/2025\/08\/about-us-aeroxperts-2-768x292.png 768w, https:\/\/aeroxperts.net\/wp-content\/uploads\/2025\/08\/about-us-aeroxperts-2-1536x583.png 1536w, https:\/\/aeroxperts.net\/wp-content\/uploads\/2025\/08\/about-us-aeroxperts-2-2048x778.png 2048w\" sizes=\"auto, (max-width: 1024px) 100vw, 1024px\" \/>\t\t\t\t\t\t\t\t\t\t\t\t\t\t\t<\/div>\n\t\t\t\t\t<\/div>\n\t\t\t\t<\/div>\n\t\t<div class=\"wd-negative-gap elementor-element elementor-element-203255c e-flex e-con-boxed e-con e-parent\" data-id=\"203255c\" data-element_type=\"container\" data-e-type=\"container\">\n\t\t\t\t\t<div class=\"e-con-inner\">\n\t\t<div class=\"elementor-element elementor-element-dd8ba8f e-con-full e-flex e-con e-child\" data-id=\"dd8ba8f\" data-element_type=\"container\" data-e-type=\"container\">\n\t\t\t\t<div class=\"elementor-element elementor-element-2e2529b color-scheme-inherit text-left elementor-widget elementor-widget-text-editor\" data-id=\"2e2529b\" data-element_type=\"widget\" data-e-type=\"widget\" data-widget_type=\"text-editor.default\">\n\t\t\t\t\t\t\t\t\t<p class=\"p1\">Nuestro equipo est\u00e1 formado por los m\u00e1s experimentados profesionales de la aviaci\u00f3n, entre los que se incluyen:<\/p><ul><li class=\"p1\">Pilotos de helic\u00f3ptero ATP (CFI, CFII)<\/li><li class=\"p1\">Pilotos ATP de avi\u00f3n (CFI, CFII)<\/li><li class=\"p1\">Mec\u00e1nicos A&amp;P con certificaciones I&amp;A<\/li><li class=\"p1\">Representantes de aeronavegabilidad designados (DAR)<\/li><li class=\"p1\">Expertos l\u00edderes del sector con d\u00e9cadas de experiencia<\/li><\/ul>\t\t\t\t\t\t\t\t<\/div>\n\t\t\t\t<\/div>\n\t\t\t\t\t<\/div>\n\t\t\t\t<\/div>\n\t\t\t\t<\/div>","protected":false},"excerpt":{"rendered":"<p>WHO WE ARE AND WHAT WE DO We specialize in aircraft sales and advanced training, offering unparalleled expertise and customer<\/p>","protected":false},"author":1,"featured_media":0,"parent":0,"menu_order":0,"comment_status":"closed","ping_status":"closed","template":"","meta":{"_joinchat":[],"footnotes":""},"class_list":["post-4400","page","type-page","status-publish","hentry"],"_links":{"self":[{"href":"https:\/\/aeroxperts.net\/es\/wp-json\/wp\/v2\/pages\/4400","targetHints":{"allow":["GET"]}}],"collection":[{"href":"https:\/\/aeroxperts.net\/es\/wp-json\/wp\/v2\/pages"}],"about":[{"href":"https:\/\/aeroxperts.net\/es\/wp-json\/wp\/v2\/types\/page"}],"author":[{"embeddable":true,"href":"https:\/\/aeroxperts.net\/es\/wp-json\/wp\/v2\/users\/1"}],"replies":[{"embeddable":true,"href":"https:\/\/aeroxperts.net\/es\/wp-json\/wp\/v2\/comments?post=4400"}],"version-history":[{"count":27,"href":"https:\/\/aeroxperts.net\/es\/wp-json\/wp\/v2\/pages\/4400\/revisions"}],"predecessor-version":[{"id":8911,"href":"https:\/\/aeroxperts.net\/es\/wp-json\/wp\/v2\/pages\/4400\/revisions\/8911"}],"wp:attachment":[{"href":"https:\/\/aeroxperts.net\/es\/wp-json\/wp\/v2\/media?parent=4400"}],"curies":[{"name":"wp","href":"https:\/\/api.w.org\/{rel}","templated":true}]}}